{"id":206,"date":"2020-02-09T18:15:29","date_gmt":"2020-02-09T15:15:29","guid":{"rendered":"http:\/\/www.takilta.fi\/?page_id=206"},"modified":"2026-01-21T19:37:14","modified_gmt":"2026-01-21T16:37:14","slug":"tarkka-ampujakilta","status":"publish","type":"page","link":"https:\/\/www.takilta.fi\/","title":{"rendered":"Tarkka-ampujakilta"},"content":{"rendered":"\n<h1>Tarkka-ampujakilta<\/h1>\n\n\n\n<p class=\"wp-block-paragraph\">Olemme noin 550:n suomalaisen tarkka-ampujan yhteis\u00f6. Kasvatamme maanpuolustustahtoa, levit\u00e4mme tarkka-ammuntatietoutta, edist\u00e4mme tarkka-ammuntaharrastusta ja yksil\u00f6n sotilaallisia valmiuksia. Lis\u00e4ksi vaalimme tarkka-ammuntaperinteit\u00e4 ja kehit\u00e4mme Suomen varautumista mm. yhteisty\u00f6ss\u00e4 muiden maanpuolustusj\u00e4rjest\u00f6jen kanssa. Kiltamme tukee Suomen virallista turvallisuuspolitiikkaa.<\/p>\n\n\n\n<p class=\"wp-block-paragraph\">J\u00e4senemme asuvat eri puolilla valtakuntaa, noin puolet p\u00e4\u00e4kaupunkiseudulla. Meit\u00e4 on monenlaisia, olemme riippumattomia sukupuolesta, i\u00e4st\u00e4 ja sotilasarvosta \u2013 yhdist\u00e4v\u00e4 tekij\u00e4 on kiinnostus tarkka-ammuntaan.<\/p>\n\n\n\n<h2>Ajankohtaista<\/h2>\n\n\n\n<p class=\"wp-block-paragraph\">K\u00e4y katsomassa <a aria-label=\"ajankohtaiset aiheet (opens in a new tab)\" href=\"http:\/\/www.takilta.fi\/keskustelu\/index.php?board=62\" target=\"_blank\" rel=\"noreferrer noopener\">ajankohtaiset aiheet<\/a> keskustelualueeltamme. Alla Tarkka-ampujakillan tapahtumakalenteri, josta n\u00e4et killan ratavuorot sek\u00e4 tulevat mielenkiintoiset tapahtumat.<br \/><\/p>\n\n\n\n<iframe loading=\"lazy\" src=\"https:\/\/calendar.google.com\/calendar\/embed?src=tuki%40takilta.fi&#038;ctz=Europe%2FHelsinki\" style=\"border: 0\" width=\"800\" height=\"600\" frameborder=\"0\" scrolling=\"no\"><\/iframe>\n<br \/>\n<br \/>\n<br \/>\n<br \/>\n\n\n\n<style>\nheader{\n\/*height:35vh;\nbackground-position-y:50%;*\/\n}\n<\/style>\n","protected":false},"excerpt":{"rendered":"<p>Olemme noin 550:n suomalaisen tarkka-ampujan yhteis\u00f6. Kasvatamme maanpuolustustahtoa, levit\u00e4mme tarkka-ammuntatietoutta, edist\u00e4mme tarkka-ammuntaharrastusta ja yksil\u00f6n sotilaallisia valmiuksia. Lis\u00e4ksi vaalimme tarkka-ammuntaperinteit\u00e4 ja kehit\u00e4mme Suomen varautumista mm. yhteisty\u00f6ss\u00e4 muiden maanpuolustusj\u00e4rjest\u00f6jen kanssa. Kiltamme tukee Suomen virallista turvallisuuspolitiikkaa. J\u00e4senemme asuvat eri puolilla valtakuntaa, noin puolet p\u00e4\u00e4kaupunkiseudulla. Meit\u00e4 on monenlaisia, olemme riippumattomia sukupuolesta, i\u00e4st\u00e4 ja sotilasarvosta \u2013 yhdist\u00e4v\u00e4 tekij\u00e4 on kiinnostus&hellip;&nbsp;<a href=\"https:\/\/www.takilta.fi\/\" rel=\"bookmark\">Lue lis\u00e4\u00e4 &raquo;<span class=\"screen-reader-text\">Tarkka-ampujakilta<\/span><\/a><\/p>\n","protected":false},"author":1,"featured_media":0,"parent":0,"menu_order":0,"comment_status":"closed","ping_status":"closed","template":"","meta":{"_crdt_document":"","neve_meta_sidebar":"","neve_meta_container":"","neve_meta_enable_content_width":"","neve_meta_content_width":70,"neve_meta_title_alignment":"","neve_meta_author_avatar":"","neve_post_elements_order":"","neve_meta_disable_header":"","neve_meta_disable_footer":"","neve_meta_disable_title":"","footnotes":""},"class_list":["post-206","page","type-page","status-publish","hentry"],"_links":{"self":[{"href":"https:\/\/www.takilta.fi\/index.php?rest_route=\/wp\/v2\/pages\/206","targetHints":{"allow":["GET"]}}],"collection":[{"href":"https:\/\/www.takilta.fi\/index.php?rest_route=\/wp\/v2\/pages"}],"about":[{"href":"https:\/\/www.takilta.fi\/index.php?rest_route=\/wp\/v2\/types\/page"}],"author":[{"embeddable":true,"href":"https:\/\/www.takilta.fi\/index.php?rest_route=\/wp\/v2\/users\/1"}],"replies":[{"embeddable":true,"href":"https:\/\/www.takilta.fi\/index.php?rest_route=%2Fwp%2Fv2%2Fcomments&post=206"}],"version-history":[{"count":18,"href":"https:\/\/www.takilta.fi\/index.php?rest_route=\/wp\/v2\/pages\/206\/revisions"}],"predecessor-version":[{"id":365,"href":"https:\/\/www.takilta.fi\/index.php?rest_route=\/wp\/v2\/pages\/206\/revisions\/365"}],"wp:attachment":[{"href":"https:\/\/www.takilta.fi\/index.php?rest_route=%2Fwp%2Fv2%2Fmedia&parent=206"}],"curies":[{"name":"wp","href":"https:\/\/api.w.org\/{rel}","templated":true}]}}