{"id":126,"date":"2019-12-01T15:03:36","date_gmt":"2019-12-01T12:03:36","guid":{"rendered":"http:\/\/www.takilta.fi\/?page_id=126"},"modified":"2020-02-10T17:38:09","modified_gmt":"2020-02-10T14:38:09","slug":"yhteystiedot","status":"publish","type":"page","link":"https:\/\/www.takilta.fi\/?page_id=126","title":{"rendered":"Yhteystiedot"},"content":{"rendered":"\n<h1>Yhteystiedot<\/h1>\n\n\n\n<p class=\"wp-block-paragraph\"><strong>Nimi:<\/strong> Tarkka-ampujakilta ry<br \/><strong>Rekisterinumero:<\/strong> 182.862<br \/><strong>Y-tunnus:<\/strong> 3055695-8 <br \/><strong>Kotipaikka:<\/strong> Helsinki<br \/><strong>Postitusosoite:&nbsp;<\/strong>Postitusosoitetta voi kysy\u00e4 sihteerilt\u00e4 sihteeri@takilta.fi<br \/><strong>Pankkitili:<\/strong>&nbsp;Danske Bank Oy, IBAN FI46 8000 1570 7676 90&nbsp;<em>(Huomio! \u00c4l\u00e4 maksa j\u00e4senmaksuja t\u00e4lle tilille. J\u00e4senmaksulaskutuksen hoitaa Reservil\u00e4isliitto ry.)<\/em><br \/><br \/><\/p>\n\n\n\n<h2 class=\"wp-block-heading\">S\u00e4hk\u00f6postiosoitteet<\/h2>\n\n\n\n<p class=\"wp-block-paragraph\"><strong><a href=\"mailto:puheenjohtaja@takilta.fi\">puheenjohtaja@takilta.fi<\/a><\/strong><br \/>Mm. yhdistysten yhteisty\u00f6, Killan hallitus, kehitysehdotukset<br \/><\/p>\n\n\n\n<p class=\"wp-block-paragraph\"><strong><a href=\"mailto:sihteeri@takilta.fi\">sihteeri@takilta.fi<\/a><\/strong><br \/>Mm. j\u00e4senasiat, keskustelualueen j\u00e4senosioon p\u00e4\u00e4sy, Santahaminan kulkuluvat<br \/><\/p>\n\n\n\n<p class=\"wp-block-paragraph\"><strong><a href=\"mailto:rahastonhoitaja@takilta.fi\">rahastonhoitaja@takilta.fi<\/a><\/strong><br \/>Mm. laskut ja subventoinnit<br \/><\/p>\n\n\n\n<p class=\"wp-block-paragraph\"><strong><a href=\"mailto:tuki@takilta.fi\">tuki@takilta.fi<\/a><\/strong><br \/>Kotisivujen tekniset ongelmat<\/p>\n","protected":false},"excerpt":{"rendered":"<p>Nimi: Tarkka-ampujakilta ryRekisterinumero: 182.862Y-tunnus: 3055695-8 Kotipaikka: HelsinkiPostitusosoite:&nbsp;Postitusosoitetta voi kysy\u00e4 sihteerilt\u00e4 sihteeri@takilta.fiPankkitili:&nbsp;Danske Bank Oy, IBAN FI46 8000 1570 7676 90&nbsp;(Huomio! \u00c4l\u00e4 maksa j\u00e4senmaksuja t\u00e4lle tilille. J\u00e4senmaksulaskutuksen hoitaa Reservil\u00e4isliitto ry.) S\u00e4hk\u00f6postiosoitteet puheenjohtaja@takilta.fiMm. yhdistysten yhteisty\u00f6, Killan hallitus, kehitysehdotukset sihteeri@takilta.fiMm. j\u00e4senasiat, keskustelualueen j\u00e4senosioon p\u00e4\u00e4sy, Santahaminan kulkuluvat rahastonhoitaja@takilta.fiMm. laskut ja subventoinnit tuki@takilta.fiKotisivujen tekniset ongelmat<\/p>\n","protected":false},"author":1,"featured_media":0,"parent":0,"menu_order":0,"comment_status":"closed","ping_status":"closed","template":"","meta":{"_crdt_document":"","neve_meta_sidebar":"","neve_meta_container":"","neve_meta_enable_content_width":"","neve_meta_content_width":70,"neve_meta_title_alignment":"","neve_meta_author_avatar":"","neve_post_elements_order":"","neve_meta_disable_header":"","neve_meta_disable_footer":"","neve_meta_disable_title":"","footnotes":""},"class_list":["post-126","page","type-page","status-publish","hentry"],"_links":{"self":[{"href":"https:\/\/www.takilta.fi\/index.php?rest_route=\/wp\/v2\/pages\/126","targetHints":{"allow":["GET"]}}],"collection":[{"href":"https:\/\/www.takilta.fi\/index.php?rest_route=\/wp\/v2\/pages"}],"about":[{"href":"https:\/\/www.takilta.fi\/index.php?rest_route=\/wp\/v2\/types\/page"}],"author":[{"embeddable":true,"href":"https:\/\/www.takilta.fi\/index.php?rest_route=\/wp\/v2\/users\/1"}],"replies":[{"embeddable":true,"href":"https:\/\/www.takilta.fi\/index.php?rest_route=%2Fwp%2Fv2%2Fcomments&post=126"}],"version-history":[{"count":13,"href":"https:\/\/www.takilta.fi\/index.php?rest_route=\/wp\/v2\/pages\/126\/revisions"}],"predecessor-version":[{"id":252,"href":"https:\/\/www.takilta.fi\/index.php?rest_route=\/wp\/v2\/pages\/126\/revisions\/252"}],"wp:attachment":[{"href":"https:\/\/www.takilta.fi\/index.php?rest_route=%2Fwp%2Fv2%2Fmedia&parent=126"}],"curies":[{"name":"wp","href":"https:\/\/api.w.org\/{rel}","templated":true}]}}